{"id":14,"date":"2014-01-22T17:27:12","date_gmt":"2014-01-22T15:27:12","guid":{"rendered":"https:\/\/www.immobilien-oe.de\/?page_id=14"},"modified":"2014-01-29T17:34:33","modified_gmt":"2014-01-29T15:34:33","slug":"hausverwaltung","status":"publish","type":"page","link":"https:\/\/www.immobilien-oe.de\/?page_id=14","title":{"rendered":"Eigentum beinhaltet Rechte und Pflichten. <br \/>Wir helfen Ihnen bei Ihren Pflichten."},"content":{"rendered":"<div style=\"width: 230px; float: right;\">\n<p><img loading=\"lazy\" decoding=\"async\" class=\"size-full wp-image-121 alignright\" alt=\"uu_02\" src=\"https:\/\/www.immobilien-oe.de\/wp-content\/uploads\/2014\/01\/hv_02.jpg\" width=\"139\" height=\"139\" \/><br \/>\n<img loading=\"lazy\" decoding=\"async\" class=\"size-full wp-image-120 alignright\" style=\"margin-right: 67px;\" alt=\"uu_01\" src=\"https:\/\/www.immobilien-oe.de\/wp-content\/uploads\/2014\/01\/hv_01.jpg\" width=\"139\" height=\"139\" \/><br \/>\n<img loading=\"lazy\" decoding=\"async\" class=\"size-full wp-image-121 alignright\" alt=\"uu_02\" src=\"https:\/\/www.immobilien-oe.de\/wp-content\/uploads\/2014\/01\/hv_03.jpg\" width=\"139\" height=\"139\" \/>\n<\/div>\n<ul>\n<li>Verwaltung Ihrer Miet- und Eigentumswohnungen.<\/li>\n<li>Erstellung der Umlagenabrechnung.<\/li>\n<li>\u00dcberpr\u00fcfung aller Abrechnungen von <br \/>Gas, \u00d6l, Strom, M\u00fcllabfuhr und Versicherungen.<\/li>\n<li>Instandhaltungsma\u00dfnahmen, Auftragsvergabe an\u00a0Handwerker sowie Kontrolle deren T\u00e4tigkeit und Rechnungen.<\/li>\n<li>Durchf\u00fchrung der gesetzlichen vorgeschriebenen\u00a0Eigent\u00fcmerversammlungen.<\/li>\n<li>Verwaltung der Instandhaltungsr\u00fccklagen.<\/li>\n<\/ul>\n<p>&nbsp;<\/p>\n<p><strong>Wir beraten Sie gerne\u00a0<br \/>und erstellen ein unverbindliches Angebot.<\/strong>\u00a0<\/span><\/p>\n","protected":false},"excerpt":{"rendered":"<p>Verwaltung Ihrer Miet- und Eigentumswohnungen. Erstellung der Umlagenabrechnung. \u00dcberpr\u00fcfung aller Abrechnungen von Gas, \u00d6l, Strom, M\u00fcllabfuhr und Versicherungen. Instandhaltungsma\u00dfnahmen, Auftragsvergabe an\u00a0Handwerker sowie Kontrolle deren T\u00e4tigkeit und Rechnungen. Durchf\u00fchrung der gesetzlichen vorgeschriebenen\u00a0Eigent\u00fcmerversammlungen. Verwaltung der Instandhaltungsr\u00fccklagen. &nbsp; Wir beraten Sie gerne\u00a0und erstellen ein unverbindliches Angebot.\u00a0<\/p>\n","protected":false},"author":1,"featured_media":0,"parent":0,"menu_order":0,"comment_status":"closed","ping_status":"closed","template":"","meta":{"footnotes":""},"_links":{"self":[{"href":"https:\/\/www.immobilien-oe.de\/index.php?rest_route=\/wp\/v2\/pages\/14"}],"collection":[{"href":"https:\/\/www.immobilien-oe.de\/index.php?rest_route=\/wp\/v2\/pages"}],"about":[{"href":"https:\/\/www.immobilien-oe.de\/index.php?rest_route=\/wp\/v2\/types\/page"}],"author":[{"embeddable":true,"href":"https:\/\/www.immobilien-oe.de\/index.php?rest_route=\/wp\/v2\/users\/1"}],"replies":[{"embeddable":true,"href":"https:\/\/www.immobilien-oe.de\/index.php?rest_route=%2Fwp%2Fv2%2Fcomments&post=14"}],"version-history":[{"count":27,"href":"https:\/\/www.immobilien-oe.de\/index.php?rest_route=\/wp\/v2\/pages\/14\/revisions"}],"predecessor-version":[{"id":154,"href":"https:\/\/www.immobilien-oe.de\/index.php?rest_route=\/wp\/v2\/pages\/14\/revisions\/154"}],"wp:attachment":[{"href":"https:\/\/www.immobilien-oe.de\/index.php?rest_route=%2Fwp%2Fv2%2Fmedia&parent=14"}],"curies":[{"name":"wp","href":"https:\/\/api.w.org\/{rel}","templated":true}]}}