{"id":18,"date":"2014-01-22T17:27:54","date_gmt":"2014-01-22T15:27:54","guid":{"rendered":"https:\/\/www.immobilien-oe.de\/?page_id=18"},"modified":"2024-03-28T11:42:15","modified_gmt":"2024-03-28T09:42:15","slug":"impressum","status":"publish","type":"page","link":"https:\/\/www.immobilien-oe.de\/?page_id=18","title":{"rendered":"Impressum"},"content":{"rendered":"<p>Dan Ossenberg-Engels<br \/>\nImmobilien Ossenberg-Engels<br \/>\nInh. Dan Ossenberg-Engels e.K.<br \/>\nLennestr. 82<br \/>\n58762 Altena<\/p>\n<p>Handelsregister: HRA 3817<br \/>\nRegistergericht: Amtsgericht Iserlohn<\/p>\n<h2>Kontakt<\/h2>\n<p>Telefon: 02352 22226<br \/>\nTelefax: 02352 26372<br \/>\nE-Mail: info@immobilien-oe.de<\/p>\n<h2>Umsatzsteuer-ID<\/h2>\n<p>Umsatzsteuer-Identifikationsnummer gem\u00e4\u00df \u00a7 27 a Umsatzsteuergesetz:<br \/>\n70364589725<\/p>\n<h2>Aufsichtsbeh\u00f6rde<\/h2>\n<p>M\u00e4rkischer Kreis<br \/>\nDer Landrat, Ordnungsamt<br \/>\nHeedfelder Str. 45<br \/>\n58509 L\u00fcdenscheid<\/p>\n<p><a href=\"https:\/\/maerkischer-kreis.org\" target=\"_blank\" rel=\"noopener noreferrer\">https:\/\/maerkischer-kreis.org<\/a><\/p>\n<h2>Berufsbezeichnung und berufsrechtliche Regelungen<\/h2>\n<p>Berufsbezeichnung:<br \/>\nImmobilienmakler, Hausverwalter<\/p>\n<p>Zust\u00e4ndige Kammer:<br \/>\nS\u00fcdwestf\u00e4lische Industrie- und Handelskammer zu Hagen<br \/>\nBahnhofstra\u00dfe 18<br \/>\n58095 Hagen<\/p>\n<p>Verliehen in:<br \/>\nDeutschland<\/p>\n<p>Es gelten folgende berufsrechtliche Regelungen:<\/p>\n<p>Immobilien und Finanzierungen<br \/>\neinsehbar unter: <a href=\"https:\/\/maerkischer-kreis.org\" target=\"_blank\" rel=\"noopener noreferrer\">https:\/\/maerkischer-kreis.org<\/a><\/p>\n<h2>Redaktionell verantwortlich<\/h2>\n<p>Dan Ossenberg-Engels<br \/>\nLennestr. 82<br \/>\n58762 Altena<\/p>\n<h2>EU-Streitschlichtung<\/h2>\n<p>Die Europ\u00e4ische Kommission stellt eine Plattform zur Online-Streitbeilegung (OS) bereit: <a href=\"https:\/\/ec.europa.eu\/consumers\/odr\/\" target=\"_blank\" rel=\"noopener noreferrer\">https:\/\/ec.europa.eu\/consumers\/odr\/<\/a>.<br \/>\nUnsere E-Mail-Adresse finden Sie oben im Impressum.<\/p>\n<h2>Verbraucher\u00adstreit\u00adbeilegung\/Universal\u00adschlichtungs\u00adstelle<\/h2>\n<p>Wir sind nicht bereit oder verpflichtet, an Streitbeilegungsverfahren vor einer Verbraucherschlichtungsstelle teilzunehmen.<\/p>\n","protected":false},"excerpt":{"rendered":"<p>Dan Ossenberg-Engels Immobilien Ossenberg-Engels Inh. Dan Ossenberg-Engels e.K. Lennestr. 82 58762 Altena Handelsregister: HRA 3817 Registergericht: Amtsgericht Iserlohn Kontakt Telefon: 02352 22226 Telefax: 02352 26372 E-Mail: info@immobilien-oe.de Umsatzsteuer-ID Umsatzsteuer-Identifikationsnummer gem\u00e4\u00df \u00a7 27 a Umsatzsteuergesetz: 70364589725 Aufsichtsbeh\u00f6rde M\u00e4rkischer Kreis Der Landrat, Ordnungsamt Heedfelder Str. 45 58509 L\u00fcdenscheid https:\/\/maerkischer-kreis.org Berufsbezeichnung und berufsrechtliche Regelungen Berufsbezeichnung: Immobilienmakler, Hausverwalter Zust\u00e4ndige\u2026 <span class=\"read-more\"><a href=\"https:\/\/www.immobilien-oe.de\/?page_id=18\">Weiterlesen &raquo;<\/a><\/span><\/p>\n","protected":false},"author":1,"featured_media":0,"parent":0,"menu_order":0,"comment_status":"closed","ping_status":"closed","template":"","meta":{"footnotes":""},"_links":{"self":[{"href":"https:\/\/www.immobilien-oe.de\/index.php?rest_route=\/wp\/v2\/pages\/18"}],"collection":[{"href":"https:\/\/www.immobilien-oe.de\/index.php?rest_route=\/wp\/v2\/pages"}],"about":[{"href":"https:\/\/www.immobilien-oe.de\/index.php?rest_route=\/wp\/v2\/types\/page"}],"author":[{"embeddable":true,"href":"https:\/\/www.immobilien-oe.de\/index.php?rest_route=\/wp\/v2\/users\/1"}],"replies":[{"embeddable":true,"href":"https:\/\/www.immobilien-oe.de\/index.php?rest_route=%2Fwp%2Fv2%2Fcomments&post=18"}],"version-history":[{"count":8,"href":"https:\/\/www.immobilien-oe.de\/index.php?rest_route=\/wp\/v2\/pages\/18\/revisions"}],"predecessor-version":[{"id":176,"href":"https:\/\/www.immobilien-oe.de\/index.php?rest_route=\/wp\/v2\/pages\/18\/revisions\/176"}],"wp:attachment":[{"href":"https:\/\/www.immobilien-oe.de\/index.php?rest_route=%2Fwp%2Fv2%2Fmedia&parent=18"}],"curies":[{"name":"wp","href":"https:\/\/api.w.org\/{rel}","templated":true}]}}