{"id":2,"date":"2014-01-21T10:26:24","date_gmt":"2014-01-21T08:26:24","guid":{"rendered":"https:\/\/www.immobilien-oe.de\/?page_id=2"},"modified":"2025-01-13T17:15:52","modified_gmt":"2025-01-13T15:15:52","slug":"beispiel-seite","status":"publish","type":"page","link":"https:\/\/www.immobilien-oe.de\/?page_id=2","title":{"rendered":"Wir sind Ihr Partner rund um die Immobilie."},"content":{"rendered":"<div style=\"width: 260px; float: right;\"><img loading=\"lazy\" decoding=\"async\" class=\"size-full wp-image-121 alignright\" src=\"https:\/\/www.immobilien-oe.de\/wp-content\/uploads\/2014\/01\/uu_01.jpg\" alt=\"uu_02\" width=\"139\" height=\"139\" \/><img loading=\"lazy\" decoding=\"async\" class=\"size-full wp-image-120 alignright\" style=\"margin-right: 67px;\" src=\"https:\/\/www.immobilien-oe.de\/wp-content\/uploads\/2014\/01\/uu_02.jpg\" alt=\"uu_01\" width=\"139\" height=\"139\" \/><\/p>\n<p><img loading=\"lazy\" decoding=\"async\" class=\"size-full wp-image-121 alignright\" src=\"https:\/\/www.immobilien-oe.de\/wp-content\/uploads\/2014\/01\/uu_03.jpg\" alt=\"uu_02\" width=\"139\" height=\"139\" \/><\/p>\n<\/div>\n<p><strong>Unser Serviceangebot beinhaltet:<\/strong><\/p>\n<ul>\n<li>Vermittlung von\n<ul>\n<li>Ein- und Zweifamilienh\u00e4usern<\/li>\n<li>Mehrfamilienh\u00e4usern<\/li>\n<li>Wohn- und Gesch\u00e4fth\u00e4usern<\/li>\n<li>Mietwohnungen<\/li>\n<li>Eigentumswohnungen<\/li>\n<li>Gewerbeobjekten<\/li>\n<\/ul>\n<\/li>\n<li>Sachkundige Objektbewertung<\/li>\n<li>Kompetente Haus- und Wohnungseigentums-Verwaltung<\/li>\n<\/ul>\n<p>Unser Service ist zugeschnitten auf Ihre individuellen W\u00fcnsche und Vorstellungen. Wir vermitteln Ihnen nicht nur ein Haus, sondern ein Zuhause.<\/p>\n<p>Seri\u00f6se Beratung und fachkundige Vermittlung wird bei uns bereits in der 2. Generation gro\u00df geschrieben.<\/p>\n<p><strong>Unsere Spezialit\u00e4t ist die Region.<\/strong><br \/>\n<strong> Sprechen Sie uns an.<\/strong><\/p>\n","protected":false},"excerpt":{"rendered":"<p>Unser Serviceangebot beinhaltet: Vermittlung von Ein- und Zweifamilienh\u00e4usern Mehrfamilienh\u00e4usern Wohn- und Gesch\u00e4fth\u00e4usern Mietwohnungen Eigentumswohnungen Gewerbeobjekten Sachkundige Objektbewertung Kompetente Haus- und Wohnungseigentums-Verwaltung Unser Service ist zugeschnitten auf Ihre individuellen W\u00fcnsche und Vorstellungen. Wir vermitteln Ihnen nicht nur ein Haus, sondern ein Zuhause. Seri\u00f6se Beratung und fachkundige Vermittlung wird bei uns bereits in der 2. Generation gro\u00df\u2026 <span class=\"read-more\"><a href=\"https:\/\/www.immobilien-oe.de\/?page_id=2\">Weiterlesen &raquo;<\/a><\/span><\/p>\n","protected":false},"author":1,"featured_media":0,"parent":0,"menu_order":0,"comment_status":"closed","ping_status":"closed","template":"","meta":{"footnotes":""},"_links":{"self":[{"href":"https:\/\/www.immobilien-oe.de\/index.php?rest_route=\/wp\/v2\/pages\/2"}],"collection":[{"href":"https:\/\/www.immobilien-oe.de\/index.php?rest_route=\/wp\/v2\/pages"}],"about":[{"href":"https:\/\/www.immobilien-oe.de\/index.php?rest_route=\/wp\/v2\/types\/page"}],"author":[{"embeddable":true,"href":"https:\/\/www.immobilien-oe.de\/index.php?rest_route=\/wp\/v2\/users\/1"}],"replies":[{"embeddable":true,"href":"https:\/\/www.immobilien-oe.de\/index.php?rest_route=%2Fwp%2Fv2%2Fcomments&post=2"}],"version-history":[{"count":19,"href":"https:\/\/www.immobilien-oe.de\/index.php?rest_route=\/wp\/v2\/pages\/2\/revisions"}],"predecessor-version":[{"id":185,"href":"https:\/\/www.immobilien-oe.de\/index.php?rest_route=\/wp\/v2\/pages\/2\/revisions\/185"}],"wp:attachment":[{"href":"https:\/\/www.immobilien-oe.de\/index.php?rest_route=%2Fwp%2Fv2%2Fmedia&parent=2"}],"curies":[{"name":"wp","href":"https:\/\/api.w.org\/{rel}","templated":true}]}}